{"id":562,"date":"2019-11-20T14:08:28","date_gmt":"2019-11-20T13:08:28","guid":{"rendered":"http:\/\/eadministration.lafibre64.fr\/?page_id=562"},"modified":"2020-01-03T14:31:38","modified_gmt":"2020-01-03T13:31:38","slug":"nouvelle-plateforme-plan-de-communication","status":"publish","type":"page","link":"https:\/\/eadministration.lafibre64.fr\/index.php\/nouvelle-plateforme-plan-de-communication\/","title":{"rendered":"Nouvelle plateforme : plan de communication"},"content":{"rendered":"[vc_row type=\u00a0\u00bbin_container\u00a0\u00bb full_screen_row_position=\u00a0\u00bbmiddle\u00a0\u00bb scene_position=\u00a0\u00bbcenter\u00a0\u00bb text_color=\u00a0\u00bbdark\u00a0\u00bb text_align=\u00a0\u00bbleft\u00a0\u00bb overlay_strength=\u00a0\u00bb0.3&Prime; shape_divider_position=\u00a0\u00bbbottom\u00a0\u00bb bg_image_animation=\u00a0\u00bbnone\u00a0\u00bb][vc_column column_padding=\u00a0\u00bbno-extra-padding\u00a0\u00bb column_padding_position=\u00a0\u00bball\u00a0\u00bb background_color_opacity=\u00a0\u00bb1&Prime; background_hover_color_opacity=\u00a0\u00bb1&Prime; column_link_target=\u00a0\u00bb_self\u00a0\u00bb column_shadow=\u00a0\u00bbnone\u00a0\u00bb column_border_radius=\u00a0\u00bbnone\u00a0\u00bb width=\u00a0\u00bb1\/1&Prime; tablet_width_inherit=\u00a0\u00bbdefault\u00a0\u00bb tablet_text_alignment=\u00a0\u00bbdefault\u00a0\u00bb phone_text_alignment=\u00a0\u00bbdefault\u00a0\u00bb column_border_width=\u00a0\u00bbnone\u00a0\u00bb column_border_style=\u00a0\u00bbsolid\u00a0\u00bb bg_image_animation=\u00a0\u00bbnone\u00a0\u00bb][toggles style=\u00a0\u00bbdefault\u00a0\u00bb][toggle color=\u00a0\u00bbExtra-Color-1&Prime; title=\u00a0\u00bbCourriel d&rsquo;information du 21 novembre 2019 : IMPORTANT ! Arr\u00eat programm\u00e9 de eadministration64.fr, votre plateforme des march\u00e9s publics et d\u2019ACTES\u00a0\u00bb][vc_column_text]\n<h1 style=\"margin: 0px; padding: 0px; border: 0px; font-variant-numeric: inherit; font-variant-east-asian: inherit; font-stretch: inherit; font-size: 12pt; line-height: inherit; font-family: Calibri, Arial, Helvetica, sans-serif, serif, EmojiFont; vertical-align: baseline; color: #000000;\">Utilisateur, utilisatrice\u00a0de la plateforme eadministration64.fr, nous vous informons de changements importants \u00e0 venir.<\/h1>\n<p style=\"margin-bottom: 0px; color: windowtext;\">La fin du contrat avec le prestataire actuel de la plateforme d\u2019administration \u00e9lectronique, pr\u00e9vue au\u00a030\u00a0mars\u00a02020,\u00a0va engendrer\u00a0de nouvelles modalit\u00e9s\u00a0d\u2019acc\u00e8s aux services\u00a0de d\u00e9mat\u00e9rialisation des march\u00e9s publics et de transmission de vos actes au contr\u00f4le de l\u00e9galit\u00e9 (ACTES).<\/p>\n<p style=\"margin-bottom: 0px; color: windowtext;\">Ces changements seront effectifs d\u00e8s le 1er\u00a0janvier 2020, ce qui suppose un certain nombre d\u2019\u00e9tapes pr\u00e9alables et d\u2019op\u00e9rations \u00e0 mener par chaque collectivit\u00e9.<\/p>\n<p style=\"margin-bottom: 0px; color: windowtext;\">\u00a0Afin d\u2019organiser au mieux\u00a0et d\u00e8s maintenant\u00a0cette transition, nous mettons en\u00a0place un portail unique\u00a0<a id=\"LPNoLP920690\" style=\"margin: 0px; padding: 0px; border: 0px; font: inherit; vertical-align: baseline;\" href=\"http:\/\/eadministration.lafibre64.fr\/\" target=\"_blank\" rel=\"noopener noreferrer\" data-auth=\"NotApplicable\">http:\/\/eadministration.lafibre64.fr\/<\/a>\u00a0\u00a0dans lequel vous trouverez :<\/p>\n<ul>\n<li style=\"clear: both; font-size: 11pt; font-family: Calibri, Calibri_MSFontService, 'Times New Roman', sans-serif;\">\n<p style=\"margin-bottom: 0px; color: windowtext;\">La marche \u00e0 suivre pour le changement de plateforme\u00a0\u00e0 la\u00a0<a style=\"margin: 0px; padding: 0px; border: 0px; font: inherit; vertical-align: baseline;\" title=\"http:\/\/eadministration.lafibre64.fr\/index.php\/nouvelle-plateforme\/\" href=\"http:\/\/eadministration.lafibre64.fr\/index.php\/nouvelle-plateforme\/\" target=\"_blank\" rel=\"noopener noreferrer\" data-auth=\"NotApplicable\">rubrique \u00ab\u202f01\/01\/2020\u202f: nouvelle plateforme\u202f\u00bb<\/a>\u00a0: FAQ, \u00e9tapes, planning mis \u00e0 jour, modalit\u00e9s pratiques, tutoriels pour vos changements de compte, r\u00e9cup\u00e9ration de vos fichiers \u2026<\/p>\n<\/li>\n<li style=\"clear: both; font-size: 11pt; font-family: Calibri, Calibri_MSFontService, 'Times New Roman', sans-serif;\">\n<p style=\"margin-bottom: 0px; color: windowtext;\">Les liens en un seul clic vers la nouvelle plateforme march\u00e9s publics (activ\u00e9 \u00e0 compter du 01\/01\/2020) et vers la transmission des actes par voie d\u00e9mat\u00e9rialis\u00e9e au contr\u00f4le de l\u00e9galit\u00e9 (activ\u00e9 \u00e0 compter du 01\/01\/2020)<\/p>\n<\/li>\n<\/ul>\n<p style=\"margin-bottom: 0px; color: windowtext;\">Nous vous tiendrons inform\u00e9s des prochaines \u00e9tapes par voie de mail et directement sur notre portail.<\/p>\n<h6 style=\"margin-bottom: 0px; color: windowtext;\">Pour b\u00e9n\u00e9ficier d\u2019ores et d\u00e9j\u00e0 de toutes les informations sur cette transition vous pouvez vous inscrire \u00e0 la newsletter du portail d\u2019administration \u00e9lectronique\u00a0<a style=\"margin: 0px; padding: 0px; border: 0px; font: inherit; vertical-align: baseline;\" title=\"http:\/\/eadministration.lafibre64.fr\/index.php\/abonnez-vous\/\" href=\"http:\/\/eadministration.lafibre64.fr\/index.php\/abonnez-vous\/\" target=\"_blank\" rel=\"noopener noreferrer\" data-auth=\"NotApplicable\">en cliquant sur ce lien.<\/a><\/h6>\n[\/vc_column_text][\/toggle][toggle color=\u00a0\u00bbExtra-Color-1&Prime; title=\u00a0\u00bbCourriel d&rsquo;information du 10 d\u00e9cembre 2019 : #1 \u2013 Je me pr\u00e9pare au changement de plateforme d\u2019administration \u00e9lectronique\u00a0\u00bb][vc_column_text]Utilisateurs, utilisatrices de la plateforme eadministration64.fr,<\/p>\n<p>Nous vous avons inform\u00e9, lors d\u2019un pr\u00e9c\u00e9dent mail, du changement de plateforme d\u2019administration \u00e9lectronique. Ainsi, \u00e0 compter du <strong>10 janvier 2020<\/strong>, l\u2019ensemble de vos march\u00e9s publics devra \u00eatre publi\u00e9 sur la plateforme mutualis\u00e9e r\u00e9gionale de l\u2019Association des March\u00e9s Publics d\u2019Aquitaine (AMPA).<\/p>\n<p><strong>Plus aucun march\u00e9 ne devra \u00eatre publi\u00e9 sur www.eadministration64.fr apr\u00e8s le 31 d\u00e9cembre 2019.<\/strong><\/p>\n<p>Pour pr\u00e9parer au mieux ce changement, un certain nombre d\u2019op\u00e9rations sont n\u00e9cessaires sur eadministration64.fr. Nous vous recommandons d\u00e8s \u00e0 pr\u00e9sent :<\/p>\n<ul>\n<li>De vous assurer que vos d\u00e9lais limites de remise des offres soient ant\u00e9rieurs <strong>au 31 mars 2020<\/strong> et qu\u2019ils vous permettent de finaliser la proc\u00e9dure soit d\u2019aller, a minima, jusqu\u2019\u00e0 la notification des entreprises.<\/li>\n<li>De r\u00e9cup\u00e9rer vos archives concernant les consultations achev\u00e9es (cf. Tutoriels : Pr\u00e9parer \u00e0 l\u2019archivage et T\u00e9l\u00e9charger les DIC) et ce, avant l<strong>e 31 mars 2020.<\/strong><\/li>\n<\/ul>\n<p>ATTENTION : Entre le 1er et le 9 janvier 2020 aucune publication de consultation ne sera possible. En effet, ce d\u00e9lai correspond au temps n\u00e9cessaire \u00e0 la migration de tous les comptes de l\u2019ancienne plateforme vers la nouvelle.<\/p>\n<p>Nous vous informerons dans une prochaine communication des modalit\u00e9s pratiques de connexion \u00e0 la nouvelle plateforme (identifiants).<\/p>\n<p>Concernant l\u2019envoi des actes au contr\u00f4le de l\u00e9galit\u00e9, vous pouvez d\u2019ores et d\u00e9j\u00e0, si n\u00e9cessaire, r\u00e9cup\u00e9rer les copies conformes de vos actes ainsi que les accus\u00e9s de r\u00e9ception (cf. Tutoriel : T\u00e9l\u00e9charger copies conformes et AR).<\/p>\n<p>Toute la marche \u00e0 suivre, les mails envoy\u00e9s et tous les tutoriels sont disponibles sur le site eadministration.lafibre64.fr qui est, d\u00e9sormais, le portail d\u00e9di\u00e9 des services d\u2019administration \u00e9lectronique de La Fibre64.<\/p>\n<p>Pour rappel : b\u00e9n\u00e9ficiez de toutes les informations sur cette transition vous pouvez vous inscrire \u00e0 la newsletter du portail d\u2019administration \u00e9lectronique en cliquant sur ce lien.[\/vc_column_text][\/toggle][toggle color=\u00a0\u00bbExtra-Color-1&Prime; title=\u00a0\u00bbCourriel d&rsquo;information du 30 d\u00e9cembre 2019 : #2 \u2013 Je ne mets plus de nouveaux march\u00e9s en ligne sur eadministration64.fr\u00a0\u00bb][vc_column_text]\n<h1 style=\"margin: 0px; padding: 0px; border: 0px; font-variant-numeric: inherit; font-variant-east-asian: inherit; font-stretch: inherit; font-size: 12pt; line-height: inherit; font-family: Calibri, Arial, Helvetica, sans-serif, serif, EmojiFont; vertical-align: baseline; color: #000000;\">Utilisateur, utilisatrice\u00a0de la plateforme eadministration64.fr, nous vous informons de changements importants \u00e0 venir.<\/h1>\n<p style=\"margin-bottom: 0px; color: windowtext;\">La fin du contrat avec le prestataire actuel de la plateforme d\u2019administration \u00e9lectronique, pr\u00e9vue au\u00a030\u00a0mars\u00a02020,\u00a0va engendrer\u00a0de nouvelles modalit\u00e9s\u00a0d\u2019acc\u00e8s aux services\u00a0de d\u00e9mat\u00e9rialisation des march\u00e9s publics et de transmission de vos actes au contr\u00f4le de l\u00e9galit\u00e9 (ACTES).<\/p>\n<p style=\"margin-bottom: 0px; color: windowtext;\">Ces changements seront effectifs d\u00e8s le 1er\u00a0janvier 2020, ce qui suppose un certain nombre d\u2019\u00e9tapes pr\u00e9alables et d\u2019op\u00e9rations \u00e0 mener par chaque collectivit\u00e9.<\/p>\n<p style=\"margin-bottom: 0px; color: windowtext;\">\u00a0Afin d\u2019organiser au mieux\u00a0et d\u00e8s maintenant\u00a0cette transition, nous mettons en\u00a0place un portail unique\u00a0<a id=\"LPNoLP920690\" style=\"margin: 0px; padding: 0px; border: 0px; font: inherit; vertical-align: baseline;\" href=\"http:\/\/eadministration.lafibre64.fr\/\" target=\"_blank\" rel=\"noopener noreferrer\" data-auth=\"NotApplicable\">http:\/\/eadministration.lafibre64.fr\/<\/a>\u00a0\u00a0dans lequel vous trouverez :<\/p>\n<ul>\n<li style=\"clear: both; font-size: 11pt; font-family: Calibri, Calibri_MSFontService, 'Times New Roman', sans-serif;\">\n<p style=\"margin-bottom: 0px; color: windowtext;\">La marche \u00e0 suivre pour le changement de plateforme\u00a0\u00e0 la\u00a0<a style=\"margin: 0px; padding: 0px; border: 0px; font: inherit; vertical-align: baseline;\" title=\"http:\/\/eadministration.lafibre64.fr\/index.php\/nouvelle-plateforme\/\" href=\"http:\/\/eadministration.lafibre64.fr\/index.php\/nouvelle-plateforme\/\" target=\"_blank\" rel=\"noopener noreferrer\" data-auth=\"NotApplicable\">rubrique \u00ab\u202f01\/01\/2020\u202f: nouvelle plateforme\u202f\u00bb<\/a>\u00a0: FAQ, \u00e9tapes, planning mis \u00e0 jour, modalit\u00e9s pratiques, tutoriels pour vos changements de compte, r\u00e9cup\u00e9ration de vos fichiers \u2026<\/p>\n<\/li>\n<li style=\"clear: both; font-size: 11pt; font-family: Calibri, Calibri_MSFontService, 'Times New Roman', sans-serif;\">\n<p style=\"margin-bottom: 0px; color: windowtext;\">Les liens en un seul clic vers la nouvelle plateforme march\u00e9s publics (activ\u00e9 \u00e0 compter du 01\/01\/2020) et vers la transmission des actes par voie d\u00e9mat\u00e9rialis\u00e9e au contr\u00f4le de l\u00e9galit\u00e9 (activ\u00e9 \u00e0 compter du 01\/01\/2020)<\/p>\n<\/li>\n<\/ul>\n<p style=\"margin-bottom: 0px; color: windowtext;\">Nous vous tiendrons inform\u00e9s des prochaines \u00e9tapes par voie de mail et directement sur notre portail.<\/p>\n<h6 style=\"margin-bottom: 0px; color: windowtext;\">Pour b\u00e9n\u00e9ficier d\u2019ores et d\u00e9j\u00e0 de toutes les informations sur cette transition vous pouvez vous inscrire \u00e0 la newsletter du portail d\u2019administration \u00e9lectronique\u00a0<a style=\"margin: 0px; padding: 0px; border: 0px; font: inherit; vertical-align: baseline;\" title=\"http:\/\/eadministration.lafibre64.fr\/index.php\/abonnez-vous\/\" href=\"http:\/\/eadministration.lafibre64.fr\/index.php\/abonnez-vous\/\" target=\"_blank\" rel=\"noopener noreferrer\" data-auth=\"NotApplicable\">en cliquant sur ce lien.<\/a><\/h6>\n<p><a>Courriel d&rsquo;information du 10 d\u00e9cembre 2019 : #1 \u2013 Je me pr\u00e9pare au changement de plateforme d\u2019administration \u00e9lectronique<\/a>Utilisateurs, utilisatrices de la plateforme eadministration64.fr,<\/p>\n<p>Nous vous avons inform\u00e9, lors d\u2019un pr\u00e9c\u00e9dent mail, du changement de plateforme d\u2019administration \u00e9lectronique. Ainsi, \u00e0 compter du <strong>10 janvier 2020<\/strong>, l\u2019ensemble de vos march\u00e9s publics devra \u00eatre publi\u00e9 sur la plateforme mutualis\u00e9e r\u00e9gionale de l\u2019Association des March\u00e9s Publics d\u2019Aquitaine (AMPA).<\/p>\n<p><strong>Plus aucun march\u00e9 ne devra \u00eatre publi\u00e9 sur www.eadministration64.fr apr\u00e8s le 31 d\u00e9cembre 2019.<\/strong><\/p>\n<p>Pour pr\u00e9parer au mieux ce changement, un certain nombre d\u2019op\u00e9rations sont n\u00e9cessaires sur eadministration64.fr. Nous vous recommandons d\u00e8s \u00e0 pr\u00e9sent :<\/p>\n<ul>\n<li>De vous assurer que vos d\u00e9lais limites de remise des offres soient ant\u00e9rieurs <strong>au 31 mars 2020<\/strong> et qu\u2019ils vous permettent de finaliser la proc\u00e9dure soit d\u2019aller, a minima, jusqu\u2019\u00e0 la notification des entreprises.<\/li>\n<li>De r\u00e9cup\u00e9rer vos archives concernant les consultations achev\u00e9es (cf. Tutoriels : Pr\u00e9parer \u00e0 l\u2019archivage et T\u00e9l\u00e9charger les DIC) et ce, avant l<strong>e 31 mars 2020.<\/strong><\/li>\n<\/ul>\n<p>ATTENTION : Entre le 1er et le 9 janvier 2020 aucune publication de consultation ne sera possible. En effet, ce d\u00e9lai correspond au temps n\u00e9cessaire \u00e0 la migration de tous les comptes de l\u2019ancienne plateforme vers la nouvelle.<\/p>\n<p>Nous vous informerons dans une prochaine communication des modalit\u00e9s pratiques de connexion \u00e0 la nouvelle plateforme (identifiants).<\/p>\n<p>Concernant l\u2019envoi des actes au contr\u00f4le de l\u00e9galit\u00e9, vous pouvez d\u2019ores et d\u00e9j\u00e0, si n\u00e9cessaire, r\u00e9cup\u00e9rer les copies conformes de vos actes ainsi que les accus\u00e9s de r\u00e9ception (cf. Tutoriel : T\u00e9l\u00e9charger copies conformes et AR).<\/p>\n<p>Toute la marche \u00e0 suivre, les mails envoy\u00e9s et tous les tutoriels sont disponibles sur le site eadministration.lafibre64.fr qui est, d\u00e9sormais, le portail d\u00e9di\u00e9 des services d\u2019administration \u00e9lectronique de La Fibre64.<\/p>\n<p>Pour rappel : b\u00e9n\u00e9ficiez de toutes les informations sur cette transition vous pouvez vous inscrire \u00e0 la newsletter du portail d\u2019administration \u00e9lectronique en cliquant sur ce lien.<\/p>\n<p><a>Courriel d&rsquo;information du 30 d\u00e9cembre 2019 : #2 \u2013 Je ne mets plus de nouveaux march\u00e9s en ligne sur eadministration64.fr<\/a><br \/>\nUtilisateurs, utilisatrices de la plateforme eadministration64.fr,Au 31 d\u00e9cembre 2019, plus aucun march\u00e9 ne doit \u00eatre mis en ligne sur eadministration64.fr.<\/p>\n<p>Toutefois, vous pouvez toujours acc\u00e9der \u00e0 votre compte pour vos consultations en cours afin de :<\/p>\n<ul>\n<li>Proc\u00e9der \u00e0 l\u2019ouverture des plis<\/li>\n<li>Aux \u00e9changes avec les entreprises par le module de messagerie<\/li>\n<li>Aux notifications<\/li>\n<li>A la\u00a0publication des donn\u00e9es essentielles<\/li>\n<\/ul>\n<p>RAPPEL\u00a0:\u00a0 Vous avez jusqu\u2019au\u00a031 mars 2020\u00a0pour r\u00e9cup\u00e9rer vos archives (Dossier Int\u00e9gral de la Consultation\u00a0<a href=\"http:\/\/eadministration.lafibre64.fr\/wp-content\/uploads\/2019\/10\/Dossier-int%C3%A9gral-de-consultation.pdf\" target=\"_blank\" rel=\"noreferrer noopener\" data-auth=\"NotApplicable\">tutoriel<\/a>\u00a0et\u00a0donn\u00e9es essentielles\u00a0<a href=\"http:\/\/eadministration.lafibre64.fr\/wp-content\/uploads\/2019\/10\/Donn%C3%A9es-essentielles-XML-et-XLS.pdf\" target=\"_blank\" rel=\"noreferrer noopener\" data-auth=\"NotApplicable\">tutoriel<\/a>).<\/p>\n<p>Entre le 1er janvier et le 10 janvier 2020 :\u00a0aucune publication\u00a0de march\u00e9s publics.<\/p>\n<p>Vous pourrez \u00e0 nouveau publier vos march\u00e9s \u00e0 partir du 10 janvier 2020 sur la nouvelle plateforme. Nous vous communiquerons vos identifiants de connexion entre le 6 et le 10 janvier par mail.<\/p>\n<p>Concernant l\u2019envoi des actes au Contr\u00f4le de l\u00e9galit\u00e9, vous pouvez continuer \u00e0 utiliser la plateforme actuelle. Nous vous recommandons de r\u00e9cup\u00e9rer vos actes et les AR de la Pr\u00e9fecture. Vous avez jusqu\u2019au 31 mars 2020 pour ce faire.<\/p>\n<p>Toute la marche \u00e0 suivre, les mails envoy\u00e9s\u00a0et\u00a0tous\u00a0les\u00a0tutoriels sont\u00a0disponibles sur le site\u00a0<a href=\"http:\/\/www.eadministration.lafibre64.fr\/\" target=\"_blank\" rel=\"noreferrer noopener\" data-auth=\"NotApplicable\">eadministration.lafibre64.fr<\/a>\u00a0qui\u00a0est,\u00a0d\u00e9sormais,\u00a0le portail\u00a0d\u00e9di\u00e9 des services d\u2019administration \u00e9lectronique de La Fibre64.<\/p>\n<p>Pour rappel\u202f: b\u00e9n\u00e9ficiez\u00a0de toutes les informations sur cette transition vous pouvez vous inscrire \u00e0 la newsletter du portail d\u2019administration \u00e9lectronique\u00a0<a href=\"http:\/\/eadministration.lafibre64.fr\/index.php\/abonnez-vous\/\" target=\"_blank\" rel=\"noreferrer noopener\" data-auth=\"NotApplicable\">en cliquant sur ce lien.<\/a>[\/vc_column_text][vc_column_text]Je suis un bloc de texte, cliquez sur le bouton \\\u00a0\u00bb\u00e9diter\\\u00a0\u00bb pour me modifier. Lorem ipsum dolor sit amet, consectetur adipiscing elit. Ut elit tellus, luctus nec ullamcorper mattis, pulvinar dapibus leo.[\/vc_column_text][vc_column_text]Je suis un bloc de texte, cliquez sur le bouton \\\u00a0\u00bb\u00e9diter\\\u00a0\u00bb pour me modifier. Lorem ipsum dolor sit amet, consectetur adipiscing elit. Ut elit tellus, luctus nec ullamcorper mattis, pulvinar dapibus leo.[\/vc_column_text][vc_column_text]Je suis un bloc de texte, cliquez sur le bouton \\\u00a0\u00bb\u00e9diter\\\u00a0\u00bb pour me modifier. Lorem ipsum dolor sit amet, consectetur adipiscing elit. Ut elit tellus, luctus nec ullamcorper mattis, pulvinar dapibus leo.[\/vc_column_text][\/toggle][\/toggles][\/vc_column][\/vc_row][vc_row type=\u00a0\u00bbin_container\u00a0\u00bb full_screen_row_position=\u00a0\u00bbmiddle\u00a0\u00bb scene_position=\u00a0\u00bbcenter\u00a0\u00bb text_color=\u00a0\u00bbdark\u00a0\u00bb text_align=\u00a0\u00bbleft\u00a0\u00bb overlay_strength=\u00a0\u00bb0.3&Prime; shape_divider_position=\u00a0\u00bbbottom\u00a0\u00bb bg_image_animation=\u00a0\u00bbnone\u00a0\u00bb][vc_column column_padding=\u00a0\u00bbno-extra-padding\u00a0\u00bb column_padding_position=\u00a0\u00bball\u00a0\u00bb background_color_opacity=\u00a0\u00bb1&Prime; background_hover_color_opacity=\u00a0\u00bb1&Prime; column_link_target=\u00a0\u00bb_self\u00a0\u00bb column_shadow=\u00a0\u00bbnone\u00a0\u00bb column_border_radius=\u00a0\u00bbnone\u00a0\u00bb width=\u00a0\u00bb1\/1&Prime; tablet_width_inherit=\u00a0\u00bbdefault\u00a0\u00bb tablet_text_alignment=\u00a0\u00bbdefault\u00a0\u00bb phone_text_alignment=\u00a0\u00bbdefault\u00a0\u00bb column_border_width=\u00a0\u00bbnone\u00a0\u00bb column_border_style=\u00a0\u00bbsolid\u00a0\u00bb bg_image_animation=\u00a0\u00bbnone\u00a0\u00bb][vc_column_text][\/vc_column_text][\/vc_column][\/vc_row]\n","protected":false},"excerpt":{"rendered":"<p>[vc_row type=\u00a0\u00bbin_container\u00a0\u00bb full_screen_row_position=\u00a0\u00bbmiddle\u00a0\u00bb scene_position=\u00a0\u00bbcenter\u00a0\u00bb text_color=\u00a0\u00bbdark\u00a0\u00bb text_align=\u00a0\u00bbleft\u00a0\u00bb overlay_strength=\u00a0\u00bb0.3&Prime; shape_divider_position=\u00a0\u00bbbottom\u00a0\u00bb bg_image_animation=\u00a0\u00bbnone\u00a0\u00bb][vc_column column_padding=\u00a0\u00bbno-extra-padding\u00a0\u00bb column_padding_position=\u00a0\u00bball\u00a0\u00bb background_color_opacity=\u00a0\u00bb1&Prime; background_hover_color_opacity=\u00a0\u00bb1&Prime; column_link_target=\u00a0\u00bb_self\u00a0\u00bb column_shadow=\u00a0\u00bbnone\u00a0\u00bb column_border_radius=\u00a0\u00bbnone\u00a0\u00bb width=\u00a0\u00bb1\/1&Prime; tablet_width_inherit=\u00a0\u00bbdefault\u00a0\u00bb tablet_text_alignment=\u00a0\u00bbdefault\u00a0\u00bb phone_text_alignment=\u00a0\u00bbdefault\u00a0\u00bb column_border_width=\u00a0\u00bbnone\u00a0\u00bb column_border_style=\u00a0\u00bbsolid\u00a0\u00bb bg_image_animation=\u00a0\u00bbnone\u00a0\u00bb][toggles style=\u00a0\u00bbdefault\u00a0\u00bb][toggle color=\u00a0\u00bbExtra-Color-1&Prime; title=\u00a0\u00bbCourriel d&rsquo;information du 21 novembre&#8230;<\/p>\n","protected":false},"author":2,"featured_media":0,"parent":0,"menu_order":0,"comment_status":"closed","ping_status":"closed","template":"","meta":{"footnotes":""},"class_list":["post-562","page","type-page","status-publish"],"_links":{"self":[{"href":"https:\/\/eadministration.lafibre64.fr\/index.php\/wp-json\/wp\/v2\/pages\/562","targetHints":{"allow":["GET"]}}],"collection":[{"href":"https:\/\/eadministration.lafibre64.fr\/index.php\/wp-json\/wp\/v2\/pages"}],"about":[{"href":"https:\/\/eadministration.lafibre64.fr\/index.php\/wp-json\/wp\/v2\/types\/page"}],"author":[{"embeddable":true,"href":"https:\/\/eadministration.lafibre64.fr\/index.php\/wp-json\/wp\/v2\/users\/2"}],"replies":[{"embeddable":true,"href":"https:\/\/eadministration.lafibre64.fr\/index.php\/wp-json\/wp\/v2\/comments?post=562"}],"version-history":[{"count":13,"href":"https:\/\/eadministration.lafibre64.fr\/index.php\/wp-json\/wp\/v2\/pages\/562\/revisions"}],"predecessor-version":[{"id":619,"href":"https:\/\/eadministration.lafibre64.fr\/index.php\/wp-json\/wp\/v2\/pages\/562\/revisions\/619"}],"wp:attachment":[{"href":"https:\/\/eadministration.lafibre64.fr\/index.php\/wp-json\/wp\/v2\/media?parent=562"}],"curies":[{"name":"wp","href":"https:\/\/api.w.org\/{rel}","templated":true}]}}