
{"id":464,"date":"2019-10-25T08:42:46","date_gmt":"2019-10-25T06:42:46","guid":{"rendered":"http:\/\/eadministration.lafibre64.fr\/?page_id=464"},"modified":"2020-01-06T09:11:09","modified_gmt":"2020-01-06T08:11:09","slug":"nouvelle-plateforme","status":"publish","type":"page","link":"https:\/\/eadministration.lafibre64.fr\/index.php\/nouvelle-plateforme\/","title":{"rendered":"10\/01\/2020 : nouvelle plateforme"},"content":{"rendered":"[vc_row type=\u00a0\u00bbin_container\u00a0\u00bb full_screen_row_position=\u00a0\u00bbmiddle\u00a0\u00bb scene_position=\u00a0\u00bbcenter\u00a0\u00bb text_color=\u00a0\u00bbdark\u00a0\u00bb text_align=\u00a0\u00bbcenter\u00a0\u00bb overlay_strength=\u00a0\u00bb0.3&Prime; shape_divider_position=\u00a0\u00bbbottom\u00a0\u00bb bg_image_animation=\u00a0\u00bbnone\u00a0\u00bb shape_type=\u00a0\u00bb\u00a0\u00bb][vc_column column_padding=\u00a0\u00bbno-extra-padding\u00a0\u00bb column_padding_position=\u00a0\u00bball\u00a0\u00bb background_color_opacity=\u00a0\u00bb1&Prime; background_hover_color_opacity=\u00a0\u00bb1&Prime; column_link_target=\u00a0\u00bb_self\u00a0\u00bb column_shadow=\u00a0\u00bbnone\u00a0\u00bb column_border_radius=\u00a0\u00bbnone\u00a0\u00bb width=\u00a0\u00bb5\/6&Prime; tablet_width_inherit=\u00a0\u00bbdefault\u00a0\u00bb tablet_text_alignment=\u00a0\u00bbdefault\u00a0\u00bb phone_text_alignment=\u00a0\u00bbdefault\u00a0\u00bb column_border_width=\u00a0\u00bbnone\u00a0\u00bb column_border_style=\u00a0\u00bbsolid\u00a0\u00bb bg_image_animation=\u00a0\u00bbnone\u00a0\u00bb][vc_column_text]Derni\u00e8re mise \u00e0 jour le 25\/10\/2019<\/p>\n<p><img loading=\"lazy\" decoding=\"async\" src=\"http:\/\/eadministration.lafibre64.fr\/wp-content\/uploads\/2019\/12\/Dates-cl\u00e9s.jpg\" sizes=\"auto, (max-width: 1456px) 100vw, 1456px\" srcset=\"http:\/\/eadministration.lafibre64.fr\/wp-content\/uploads\/2019\/12\/Dates-cl\u00e9s.jpg 1456w, http:\/\/eadministration.lafibre64.fr\/wp-content\/uploads\/2019\/12\/Dates-cl\u00e9s-300x122.jpg 300w, http:\/\/eadministration.lafibre64.fr\/wp-content\/uploads\/2019\/12\/Dates-cl\u00e9s-768x313.jpg 768w, http:\/\/eadministration.lafibre64.fr\/wp-content\/uploads\/2019\/12\/Dates-cl\u00e9s-1024x417.jpg 1024w, http:\/\/eadministration.lafibre64.fr\/wp-content\/uploads\/2019\/12\/Dates-cl\u00e9s-1320x538.jpg 1320w\" alt=\"\" width=\"1456\" height=\"593\" \/>[\/vc_column_text][toggles style=\u00a0\u00bbdefault\u00a0\u00bb][toggle color=\u00a0\u00bbExtra-Color-1&Prime; title=\u00a0\u00bbPourquoi une nouvelle plateforme ?\u00a0\u00bb][vc_column_text]\n<p style=\"color: #000000;\">La fin du contrat avec le prestataire actuel de la plateforme d\u2019administration \u00e9lectronique, pr\u00e9vue au 1er trimestre 2020, va engendrer un changement pour acc\u00e9der aux services de d\u00e9mat\u00e9rialisation des march\u00e9s publics et de transmission de vos actes au contr\u00f4le de l\u00e9galit\u00e9 (ACTES) :<\/p>\n<ul style=\"color: #000000;\">\n<li>La Fibre64 a fait le choix de la mutualisation en adh\u00e9rant \u00e0 l\u2019association des march\u00e9s publics d\u2019Aquitaine (AMPA). Ce choix permet \u00e0 La Fibre64 de proposer \u00e0 l\u2019ensemble des communes,\u00a0 communaut\u00e9s de communes et d\u2019agglom\u00e9ration des Pyr\u00e9n\u00e9es-Atlantiques sans facturation (financement pris en charge par le fonds usages de la DSP) une plateforme de d\u00e9mat\u00e9rialisation des march\u00e9s publics quasiment identique \u00e0 celle disponible sur www.eadministration64.fr (la solution technique et les fonctionnalit\u00e9s\u00a0 restant les m\u00eames) tout en r\u00e9alisant une \u00e9conomie importante d\u2019argent public du fait de la mutualisation. La Fibre64 continuera \u00e0 assurer aupr\u00e8s de vous le support et l\u2019assistance.<\/li>\n<li>Le tiers de t\u00e9l\u00e9transmission que vous utilisez ne sera plus maintenu \u00e0 l\u2019issu du contrat avec le prestataire actuel. La Fibre64 a lanc\u00e9 une proc\u00e9dure de mise en concurrence afin de d\u00e9ployer une nouvelle solution tout en assurant la continuit\u00e9 du service.<\/li>\n<\/ul>\n[\/vc_column_text][\/toggle][toggle color=\u00a0\u00bbExtra-Color-1&Prime; title=\u00a0\u00bbQuelles sont les \u00e9tapes ?\u00a0\u00bb][vc_column_text]\n<ul style=\"color: #000000;\">\n<li><strong>Pour les march\u00e9s publics :\u00a0<\/strong><\/li>\n<\/ul>\n<p style=\"color: #000000;\">A compter du 10 janvier 2020, l\u2019ensemble de vos march\u00e9s publics devra \u00eatre publi\u00e9 sur la plateforme mutualis\u00e9e de l\u2019AMPA.\u00a0Plus aucun march\u00e9 ne pourra \u00eatre publi\u00e9 sur www.eadministration64.fr apr\u00e8s le 31\/12\/2019.<br \/>\nPour vos consultations en cours apr\u00e8s le 31\/12\/2019, vous devrez imp\u00e9rativement les cl\u00f4turer avant le 1er avril 2020.<br \/>\nConcernant les accords-cadres en cours de validit\u00e9 apr\u00e8s le 1er avril 2020, ceux-ci devront \u00eatre imp\u00e9rativement ressaisis sur la nouvelle plateforme d\u00e8s que possible.<br \/>\nAfin de vous permettre de r\u00e9aliser l\u2019ensemble de ces op\u00e9rations, les deux solutions coexisteront tout au long du premier trimestre 2020.<\/p>\n<ul style=\"color: #000000;\">\n<li><strong>Pour la t\u00e9l\u00e9transmission des actes :\u00a0<\/strong><\/li>\n<\/ul>\n<p style=\"color: #000000;\">La cr\u00e9ation des comptes pour la t\u00e9l\u00e9transmission des actes au contr\u00f4le de l\u00e9galit\u00e9 est suspendue jusqu\u2019au 1er janvier 2020 en accord avec les services de la Pr\u00e9fecture des Pyr\u00e9n\u00e9es-Atlantiques avec qui nous avan\u00e7ons en \u00e9troite collaboration.<br \/>\nA compter du 1er janvier 2020, le nouveau tiers de t\u00e9l\u00e9transmission sera d\u00e9ploy\u00e9 progressivement au sein des collectivit\u00e9s. Chaque collectivit\u00e9 sera tenue inform\u00e9e de la date pr\u00e9visionnelle de formation et de d\u00e9ploiement qui la concerne.<\/p>\n<ul style=\"color: #000000;\">\n<li><strong>Vos comptes collectivit\u00e9s et agents :<\/strong><\/li>\n<\/ul>\n<p style=\"color: #000000;\">Dans la majorit\u00e9 des cas, tant pour les march\u00e9s publics que pour ACTES, de nouveaux identifiants seront n\u00e9cessaires.<\/p>\n<p style=\"color: #000000;\">Vous recevrez par mail vos nouveaux identifiants et vos mots de passe provisoires avant le 31 d\u00e9cembre 2019 pour l\u2019acc\u00e8s \u00e0 la plateforme des march\u00e9s publics et au regard du calendrier de d\u00e9ploiement pour l\u2019acc\u00e8s au tiers de t\u00e9l\u00e9transmission.<\/p>\n[\/vc_column_text][\/toggle][toggle color=\u00a0\u00bbExtra-Color-1&Prime; title=\u00a0\u00bbComment r\u00e9cup\u00e9rer vos archives ?\u00a0\u00bb][vc_column_text]\n<p style=\"color: #000000;\">A SIGNALER : La r\u00e9cup\u00e9ration et la conservation de vos fichiers (consultations, actes) rel\u00e8vent de la responsabilit\u00e9 de chaque collectivit\u00e9 ; aussi il est important que vous puissiez r\u00e9cup\u00e9rer l\u2019ensemble de vos donn\u00e9es avant la cl\u00f4ture de la plateforme au 1er avril 2020.<\/p>\n<ul style=\"color: #000000;\">\n<li><strong>Pour rappel :\u00a0<\/strong><\/li>\n<\/ul>\n<p style=\"color: #000000;\">Les communes et structures intercommunales sont propri\u00e9taires de leurs archives et sont tenues d\u2019en assurer la conservation. Les maires ou pr\u00e9sidents sont responsables de la gestion et la conservation des archives de leur collectivit\u00e9 et voient leur responsabilit\u00e9 engag\u00e9e (cf Code du patrimoine).<\/p>\n<p style=\"color: #000000;\">Les collectivit\u00e9s territoriales ont l\u2019obligation d\u2019assurer de bonnes conditions de stockage et de conservation de leurs archives afin de garantir leur int\u00e9grit\u00e9 et p\u00e9rennit\u00e9.<\/p>\n<ul style=\"color: #000000;\">\n<li><strong>Les march\u00e9s publics :\u00a0<\/strong><\/li>\n<\/ul>\n<p style=\"color: #000000;\">La dur\u00e9e minimale de conservation des pi\u00e8ces constitutives d\u2019un march\u00e9 public d\u2019un march\u00e9 public est de 5 ans pour les march\u00e9s de fournitures et de services, de 10 ans pour les march\u00e9s de travaux, ma\u00eetrise d\u2019\u0153uvre et contr\u00f4le technique \u00e0 compter de la fin de l\u2019ex\u00e9cution du march\u00e9 public.<br \/>\nL\u2019acheteur conserve en outre les candidatures et les offres ainsi que les documents relatifs \u00e0 la proc\u00e9dure de passation pendant minimum 5 ans \u00e0 compter de la signature des contrats (<a style=\"background-color: #ffffff;\" href=\"https:\/\/www.legifrance.gouv.fr\/affichTexteArticle.do;jsessionid=C45F9FFCA67105462DA33E8D58744B83.tplgfr23s_3?idArticle=JORFARTI000032296717&amp;cidTexte=JORFTEXT000032295952&amp;dateTexte=29990101&amp;categorieLien=id\" target=\"_blank\" rel=\"noopener\">cf article 108 du d\u00e9cret n\u00b02016-360 du 3\/12\/2016<\/a>).<\/p>\n<p style=\"color: #000000;\">Nous vous recommandons par ailleurs, de r\u00e9cup\u00e9rer les exports XML et\/ou XLS de vos donn\u00e9es essentielles publi\u00e9es.<\/p>\n<p style=\"color: #000000;\">Tutoriels disponibles :\u00a0<a style=\"background-color: #ffffff;\" href=\"http:\/\/eadministration.lafibre64.fr\/wp-content\/uploads\/2019\/10\/Donn%C3%A9es-essentielles-XML-et-XLS.pdf\" target=\"_blank\" rel=\"noopener\">T\u00e9l\u00e9charger ses donn\u00e9es essentielles aux formats XML et XLS<\/a>\u00a0et\u00a0<a style=\"background-color: #ffffff;\" href=\"http:\/\/eadministration.lafibre64.fr\/wp-content\/uploads\/2019\/10\/Dossier-int%C3%A9gral-de-consultation.pdf\" target=\"_blank\" rel=\"noopener\">T\u00e9l\u00e9charger le dossier Int\u00e9gral de Consultation<\/a><\/p>\n<ul style=\"color: #000000;\">\n<li><strong>Les actes :\u00a0<\/strong><\/li>\n<\/ul>\n<p style=\"color: #000000;\">Les collectivit\u00e9s et leurs \u00e9tablissements ont l\u2019obligation de constituer une collection compl\u00e8te des d\u00e9lib\u00e9rations, arr\u00eat\u00e9s et d\u00e9cisions (tenue du registre des d\u00e9lib\u00e9ration cf CGCT d\u00e9cret n\u00b02010-783 du 11\/07\/2010)<\/p>\n<p style=\"color: #000000;\">Tutoriel disponible :\u00a0<a style=\"background-color: #ffffff;\" href=\"http:\/\/eadministration.lafibre64.fr\/wp-content\/uploads\/2019\/10\/T%C3%A9l%C3%A9charger-AR-et-copie-conforme-acte.pdf\" target=\"_blank\" rel=\"noopener\">T\u00e9l\u00e9charger la copie conforme et l\u2019accus\u00e9 de r\u00e9ception d\u2019un act<\/a><\/p>\n[\/vc_column_text][image_with_animation alignment=\u00a0\u00bb\u00a0\u00bb animation=\u00a0\u00bbFade In\u00a0\u00bb border_radius=\u00a0\u00bbnone\u00a0\u00bb box_shadow=\u00a0\u00bbnone\u00a0\u00bb max_width=\u00a0\u00bb100%\u00a0\u00bb][image_with_animation alignment=\u00a0\u00bb\u00a0\u00bb animation=\u00a0\u00bbFade In\u00a0\u00bb border_radius=\u00a0\u00bbnone\u00a0\u00bb box_shadow=\u00a0\u00bbnone\u00a0\u00bb max_width=\u00a0\u00bb100%\u00a0\u00bb][image_with_animation image_url=\u00a0\u00bb571&Prime; alignment=\u00a0\u00bb\u00a0\u00bb animation=\u00a0\u00bbFade In\u00a0\u00bb border_radius=\u00a0\u00bbnone\u00a0\u00bb box_shadow=\u00a0\u00bbnone\u00a0\u00bb max_width=\u00a0\u00bb100%\u00a0\u00bb][\/toggle][\/toggles][\/vc_column][vc_column column_padding=\u00a0\u00bbno-extra-padding\u00a0\u00bb column_padding_position=\u00a0\u00bball\u00a0\u00bb background_color_opacity=\u00a0\u00bb1&Prime; background_hover_color_opacity=\u00a0\u00bb1&Prime; column_link_target=\u00a0\u00bb_self\u00a0\u00bb column_shadow=\u00a0\u00bbnone\u00a0\u00bb column_border_radius=\u00a0\u00bbnone\u00a0\u00bb width=\u00a0\u00bb1\/6&Prime; tablet_width_inherit=\u00a0\u00bbdefault\u00a0\u00bb tablet_text_alignment=\u00a0\u00bbdefault\u00a0\u00bb phone_text_alignment=\u00a0\u00bbdefault\u00a0\u00bb column_border_width=\u00a0\u00bbnone\u00a0\u00bb column_border_style=\u00a0\u00bbsolid\u00a0\u00bb bg_image_animation=\u00a0\u00bbnone\u00a0\u00bb][nectar_btn size=\u00a0\u00bblarge\u00a0\u00bb button_style=\u00a0\u00bbregular\u00a0\u00bb button_color_2=\u00a0\u00bbExtra-Color-1&Prime; icon_family=\u00a0\u00bbfontawesome\u00a0\u00bb text=\u00a0\u00bbFAQ\u00a0\u00bb icon_fontawesome=\u00a0\u00bbfa fa-question\u00a0\u00bb][nectar_btn size=\u00a0\u00bblarge\u00a0\u00bb button_style=\u00a0\u00bbregular\u00a0\u00bb button_color_2=\u00a0\u00bbExtra-Color-1&Prime; icon_family=\u00a0\u00bbfontawesome\u00a0\u00bb text=\u00a0\u00bbLes tutoriels\u00a0\u00bb icon_fontawesome=\u00a0\u00bbfa fa-book\u00a0\u00bb][nectar_btn size=\u00a0\u00bblarge\u00a0\u00bb button_style=\u00a0\u00bbregular\u00a0\u00bb button_color_2=\u00a0\u00bbExtra-Color-1&Prime; icon_family=\u00a0\u00bbfontawesome\u00a0\u00bb text=\u00a0\u00bbCampagne d&rsquo;information\u00a0\u00bb icon_fontawesome=\u00a0\u00bbfa fa-paper-plane-o\u00a0\u00bb][\/vc_column][\/vc_row]\n","protected":false},"excerpt":{"rendered":"<p>[vc_row type=\u00a0\u00bbin_container\u00a0\u00bb full_screen_row_position=\u00a0\u00bbmiddle\u00a0\u00bb scene_position=\u00a0\u00bbcenter\u00a0\u00bb text_color=\u00a0\u00bbdark\u00a0\u00bb text_align=\u00a0\u00bbcenter\u00a0\u00bb overlay_strength=\u00a0\u00bb0.3&Prime; shape_divider_position=\u00a0\u00bbbottom\u00a0\u00bb bg_image_animation=\u00a0\u00bbnone\u00a0\u00bb shape_type=\u00a0\u00bb\u00a0\u00bb][vc_column column_padding=\u00a0\u00bbno-extra-padding\u00a0\u00bb column_padding_position=\u00a0\u00bball\u00a0\u00bb background_color_opacity=\u00a0\u00bb1&Prime; background_hover_color_opacity=\u00a0\u00bb1&Prime; column_link_target=\u00a0\u00bb_self\u00a0\u00bb column_shadow=\u00a0\u00bbnone\u00a0\u00bb column_border_radius=\u00a0\u00bbnone\u00a0\u00bb width=\u00a0\u00bb5\/6&Prime; tablet_width_inherit=\u00a0\u00bbdefault\u00a0\u00bb tablet_text_alignment=\u00a0\u00bbdefault\u00a0\u00bb phone_text_alignment=\u00a0\u00bbdefault\u00a0\u00bb column_border_width=\u00a0\u00bbnone\u00a0\u00bb column_border_style=\u00a0\u00bbsolid\u00a0\u00bb bg_image_animation=\u00a0\u00bbnone\u00a0\u00bb][vc_column_text]Derni\u00e8re mise \u00e0 jour le 25\/10\/2019 [\/vc_column_text][toggles&#8230;<\/p>\n","protected":false},"author":2,"featured_media":0,"parent":0,"menu_order":0,"comment_status":"closed","ping_status":"closed","template":"","meta":{"footnotes":""},"class_list":["post-464","page","type-page","status-publish"],"_links":{"self":[{"href":"https:\/\/eadministration.lafibre64.fr\/index.php\/wp-json\/wp\/v2\/pages\/464","targetHints":{"allow":["GET"]}}],"collection":[{"href":"https:\/\/eadministration.lafibre64.fr\/index.php\/wp-json\/wp\/v2\/pages"}],"about":[{"href":"https:\/\/eadministration.lafibre64.fr\/index.php\/wp-json\/wp\/v2\/types\/page"}],"author":[{"embeddable":true,"href":"https:\/\/eadministration.lafibre64.fr\/index.php\/wp-json\/wp\/v2\/users\/2"}],"replies":[{"embeddable":true,"href":"https:\/\/eadministration.lafibre64.fr\/index.php\/wp-json\/wp\/v2\/comments?post=464"}],"version-history":[{"count":49,"href":"https:\/\/eadministration.lafibre64.fr\/index.php\/wp-json\/wp\/v2\/pages\/464\/revisions"}],"predecessor-version":[{"id":642,"href":"https:\/\/eadministration.lafibre64.fr\/index.php\/wp-json\/wp\/v2\/pages\/464\/revisions\/642"}],"wp:attachment":[{"href":"https:\/\/eadministration.lafibre64.fr\/index.php\/wp-json\/wp\/v2\/media?parent=464"}],"curies":[{"name":"wp","href":"https:\/\/api.w.org\/{rel}","templated":true}]}}