
{"id":355,"date":"2019-08-26T11:01:35","date_gmt":"2019-08-26T09:01:35","guid":{"rendered":"http:\/\/eadministration.lafibre64.fr\/?page_id=355"},"modified":"2020-02-04T14:00:15","modified_gmt":"2020-02-04T13:00:15","slug":"abonnez-vous","status":"publish","type":"page","link":"https:\/\/eadministration.lafibre64.fr\/index.php\/abonnez-vous\/","title":{"rendered":"Abonnez-vous !"},"content":{"rendered":"\n      <div id=\"mailpoet_form-2\" class=\"widget widget_mailpoet_form amr_widget\">\n  \n      <h4>Abonnez-vous \u00e0 notre newsletter<\/h4>\n  \n  <div class=\"\n    mailpoet_form_popup_overlay\n      \"><\/div>\n  <div\n    id=\"mailpoet_form_1\"\n    class=\"\n      mailpoet_form\n      mailpoet_form_widget\n      mailpoet_form_position_\n      mailpoet_form_animation_\n    \"\n      >\n\n    <style type=\"text\/css\">\n     #mailpoet_form_1 .mailpoet_form {  }\n#mailpoet_form_1 .mailpoet_paragraph { line-height: 20px; }\n#mailpoet_form_1 .mailpoet_segment_label, #mailpoet_form_1 .mailpoet_text_label, #mailpoet_form_1 .mailpoet_textarea_label, #mailpoet_form_1 .mailpoet_select_label, #mailpoet_form_1 .mailpoet_radio_label, #mailpoet_form_1 .mailpoet_checkbox_label, #mailpoet_form_1 .mailpoet_list_label, #mailpoet_form_1 .mailpoet_date_label { display: block; font-weight: bold; }\n#mailpoet_form_1 .mailpoet_text, #mailpoet_form_1 .mailpoet_textarea, #mailpoet_form_1 .mailpoet_select, #mailpoet_form_1 .mailpoet_date_month, #mailpoet_form_1 .mailpoet_date_day, #mailpoet_form_1 .mailpoet_date_year, #mailpoet_form_1 .mailpoet_date { display: block; }\n#mailpoet_form_1 .mailpoet_text, #mailpoet_form_1 .mailpoet_textarea { width: 200px; }\n#mailpoet_form_1 .mailpoet_checkbox {  }\n#mailpoet_form_1 .mailpoet_submit input {  }\n#mailpoet_form_1 .mailpoet_divider {  }\n#mailpoet_form_1 .mailpoet_message {  }\n#mailpoet_form_1 .mailpoet_validate_success { font-weight: 600; color: #468847; }\n#mailpoet_form_1 .mailpoet_validate_error { color: #b94a48; }\n#mailpoet_form_1 .mailpoet_form_loading { width: 30px; text-align: center; line-height: normal; }\n#mailpoet_form_1 .mailpoet_form_loading > span { width: 5px; height: 5px; background-color: #5b5b5b; }#mailpoet_form_1{;}#mailpoet_form_1 .mailpoet_message {margin: 0; padding: 0 20px;}#mailpoet_form_1 .mailpoet_paragraph.last {margin-bottom: 0} @media (max-width: 500px) {#mailpoet_form_1 {background-image: none;}} @media (min-width: 500px) {#mailpoet_form_1 .last .mailpoet_paragraph:last-child {margin-bottom: 0}}  @media (max-width: 500px) {#mailpoet_form_1 .mailpoet_form_column:last-child .mailpoet_paragraph:last-child {margin-bottom: 0}} \n    <\/style>\n\n    <form\n      target=\"_self\"\n      method=\"post\"\n      action=\"https:\/\/eadministration.lafibre64.fr\/wp-admin\/admin-post.php?action=mailpoet_subscription_form\"\n      class=\"mailpoet_form mailpoet_form_form mailpoet_form_widget\"\n      novalidate\n      data-delay=\"\"\n      data-exit-intent-enabled=\"\"\n      data-font-family=\"\"\n      data-cookie-expiration-time=\"\"\n    >\n      <input type=\"hidden\" name=\"data[form_id]\" value=\"1\" \/>\n      <input type=\"hidden\" name=\"token\" value=\"5dde692241\" \/>\n      <input type=\"hidden\" name=\"api_version\" value=\"v1\" \/>\n      <input type=\"hidden\" name=\"endpoint\" value=\"subscribers\" \/>\n      <input type=\"hidden\" name=\"mailpoet_method\" value=\"subscribe\" \/>\n\n      <label class=\"mailpoet_hp_email_label\" style=\"display: none !important;\">Veuillez laisser ce champ vide<input type=\"email\" name=\"data[email]\"\/><\/label><div class=\"mailpoet_paragraph\"><label for=\"form_last_name_1\" class=\"mailpoet_text_label\"  data-automation-id=\"form_last_name_label\" >Nom<\/label><input type=\"text\" autocomplete=\"family-name\" class=\"mailpoet_text\" id=\"form_last_name_1\" name=\"data[form_field_MDVhYWRmODA2YTc1X2xhc3RfbmFtZQ==]\" title=\"Nom\" value=\"\" data-automation-id=\"form_last_name\" data-parsley-errors-container=\".mailpoet_error_1744e\" data-parsley-names='[&quot;Veuillez sp\u00e9cifier un nom valide.&quot;,&quot;Les adresses dans les noms ne sont pas autoris\u00e9es, veuillez ajouter votre nom \u00e0 la place.&quot;]'\/><span class=\"mailpoet_error_1744e\"><\/span><\/div>\n<div class=\"mailpoet_paragraph\"><label for=\"form_email_1\" class=\"mailpoet_text_label\"  data-automation-id=\"form_email_label\" >E-mail&nbsp;<span class=\"mailpoet_required\" aria-hidden=\"true\">*<\/span><\/label><input type=\"email\" autocomplete=\"email\" class=\"mailpoet_text\" id=\"form_email_1\" name=\"data[form_field_NDliNzczZTNjOTZjX2VtYWls]\" title=\"E-mail\" value=\"\" data-automation-id=\"form_email\" data-parsley-errors-container=\".mailpoet_error_1wv3x\" data-parsley-required=\"true\" required aria-required=\"true\" data-parsley-minlength=\"6\" data-parsley-maxlength=\"150\" data-parsley-type-message=\"Cette valeur doit \u00eatre un e-mail valide.\" data-parsley-required-message=\"Ce champ est n\u00e9cessaire.\"\/><span class=\"mailpoet_error_1wv3x\"><\/span><\/div>\n<div class=\"mailpoet_paragraph\" >En cliquant sur \"Je m'abonne\", vous acceptez d'\u00eatre le destinataire des actualit\u00e9s du site eadministration.lafibre64.fr <a href=\"\/?page_id=3&amp;preview=true\">Lire notre politique de protection des donn\u00e9es personnelles.<\/a><\/div>\n<div class=\"mailpoet_recaptcha\" data-sitekey=\"6LfuPmklAAAAAAbz6ZFMtWnuEffhXrjwvGID0S7_\" data-size=\"invisible\">\n      <div class=\"mailpoet_recaptcha_container\"><\/div>\n      <noscript>\n        <div>\n          <div class=\"mailpoet_recaptcha_noscript_container\">\n            <div>\n              <iframe src=\"https:\/\/www.google.com\/recaptcha\/api\/fallback?k=6LfuPmklAAAAAAbz6ZFMtWnuEffhXrjwvGID0S7_\" frameborder=\"0\" scrolling=\"no\">\n              <\/iframe>\n            <\/div>\n          <\/div>\n          <div class=\"mailpoet_recaptcha_noscript_input\">\n            <textarea id=\"g-recaptcha-response\" name=\"data[recaptcha]\" class=\"g-recaptcha-response\">\n            <\/textarea>\n          <\/div>\n        <\/div>\n      <\/noscript>\n      <input class=\"mailpoet_recaptcha_field\" type=\"hidden\" name=\"recaptchaWidgetId\">\n    <\/div><div class=\"mailpoet_paragraph\"><input type=\"submit\" class=\"mailpoet_submit\" value=\"Je m\u2019abonne\u00a0!\" data-automation-id=\"subscribe-submit-button\" style=\"border-color:transparent;\" \/><span class=\"mailpoet_form_loading\"><span class=\"mailpoet_bounce1\"><\/span><span class=\"mailpoet_bounce2\"><\/span><span class=\"mailpoet_bounce3\"><\/span><\/span><\/div>\n\n      <div class=\"mailpoet_message\">\n        <p class=\"mailpoet_validate_success\"\n                style=\"display:none;\"\n                >V\u00e9rifiez votre boite de r\u00e9ception ou votre r\u00e9pertoire d\u2019ind\u00e9sirables pour confirmer votre abonnement.\n        <\/p>\n        <p class=\"mailpoet_validate_error\"\n                style=\"display:none;\"\n                >        <\/p>\n      <\/div>\n    <\/form>\n\n      <\/div>\n\n      <\/div>\n  \n","protected":false},"excerpt":{"rendered":"Abonnez-vous \u00e0 notre newsletter Veuillez laisser ce champ videNom E-mail&nbsp;* En cliquant sur \"Je m'abonne\", vous acceptez d'\u00eatre le destinataire des actualit\u00e9s du site eadministration.lafibre64.fr Lire notre politique de protection...","protected":false},"author":2,"featured_media":0,"parent":0,"menu_order":0,"comment_status":"closed","ping_status":"closed","template":"","meta":{"footnotes":""},"class_list":["post-355","page","type-page","status-publish"],"_links":{"self":[{"href":"https:\/\/eadministration.lafibre64.fr\/index.php\/wp-json\/wp\/v2\/pages\/355","targetHints":{"allow":["GET"]}}],"collection":[{"href":"https:\/\/eadministration.lafibre64.fr\/index.php\/wp-json\/wp\/v2\/pages"}],"about":[{"href":"https:\/\/eadministration.lafibre64.fr\/index.php\/wp-json\/wp\/v2\/types\/page"}],"author":[{"embeddable":true,"href":"https:\/\/eadministration.lafibre64.fr\/index.php\/wp-json\/wp\/v2\/users\/2"}],"replies":[{"embeddable":true,"href":"https:\/\/eadministration.lafibre64.fr\/index.php\/wp-json\/wp\/v2\/comments?post=355"}],"version-history":[{"count":1,"href":"https:\/\/eadministration.lafibre64.fr\/index.php\/wp-json\/wp\/v2\/pages\/355\/revisions"}],"predecessor-version":[{"id":356,"href":"https:\/\/eadministration.lafibre64.fr\/index.php\/wp-json\/wp\/v2\/pages\/355\/revisions\/356"}],"wp:attachment":[{"href":"https:\/\/eadministration.lafibre64.fr\/index.php\/wp-json\/wp\/v2\/media?parent=355"}],"curies":[{"name":"wp","href":"https:\/\/api.w.org\/{rel}","templated":true}]}}