
{"id":3,"date":"2018-12-12T16:18:20","date_gmt":"2018-12-12T15:18:20","guid":{"rendered":"http:\/\/eadministration.lafibre64.fr\/?page_id=3"},"modified":"2019-08-29T09:41:20","modified_gmt":"2019-08-29T07:41:20","slug":"politique-de-confidentialite","status":"publish","type":"page","link":"https:\/\/eadministration.lafibre64.fr\/index.php\/politique-de-confidentialite\/","title":{"rendered":"Politique de protection des donn\u00e9es personnelles"},"content":{"rendered":"\n<p>Les donn\u00e9es que vous aurez volontairement enregistr\u00e9es lors de votre demande de contact, d\u2019information ou de candidature sont n\u00e9cessaires \u00e0 la prise en compte de vos attentes. Elles ne seront conserv\u00e9es que pour une dur\u00e9e ad\u00e9quate \u00e0 cette finalit\u00e9 ou pour une dur\u00e9e conforme \u00e0 la loi (obligation de conservation ou prescription), et, sont r\u00e9serv\u00e9es aux seules personnes autoris\u00e9es au sein de notre collectivit\u00e9 ou d\u2019autres services de celle-ci.<\/p>\n\n\n\n<p>Aucune information personnelle vous concernant n\u2019est c\u00e9d\u00e9e \u00e0 des tiers ou utilis\u00e9e \u00e0 des fins non pr\u00e9vues sur ce site.<\/p>\n\n\n\n<p>Conform\u00e9ment aux article 15 \u00e0 23 du R\u00e8glement G\u00e9n\u00e9ral sur la Protection des donn\u00e9es, vous pouvez demander l\u2019acc\u00e8s, la rectification, l\u2019effacement ou la portabilit\u00e9 de vos donn\u00e9es, d\u00e9finir des directives relatives \u00e0 leur sort apr\u00e8s votre d\u00e9c\u00e8s, ou vous opposer \u00e0 leur traitement pour un motif l\u00e9gitime.<\/p>\n\n\n\n<p>Les demandes d\u2019exercice du droit d\u2019acc\u00e8s, rectification, opposition et suppression peuvent \u00eatre formul\u00e9es :<\/p>\n\n\n\n<p>&#8211; soit par \u00e9crit :<br>Le demandeur adresse un courrier sign\u00e9 accompagn\u00e9 de la copie d\u2019un titre d\u2019identit\u00e9 \u00e0 l&rsquo;adresse suivante :<\/p>\n\n\n\n<p style=\"text-align:center\">Syndicat Mixte La Fibre64<br>A l&rsquo;attention du D\u00e9l\u00e9gu\u00e9 \u00e0 la protection des donn\u00e9es<br>Technopole Helioparc<br>2 Avenue Pierre Angot<br>64000 PAU<\/p>\n\n\n\n<p>&#8211; soit par courriel :<br>dpd@lafibre64.fr<\/p>\n","protected":false},"excerpt":{"rendered":"<p>Les donn\u00e9es que vous aurez volontairement enregistr\u00e9es lors de votre demande de contact, d\u2019information ou de candidature sont n\u00e9cessaires \u00e0 la prise en compte de vos attentes. Elles ne seront&#8230;<\/p>\n","protected":false},"author":1,"featured_media":0,"parent":0,"menu_order":0,"comment_status":"closed","ping_status":"open","template":"","meta":{"footnotes":""},"class_list":["post-3","page","type-page","status-publish"],"_links":{"self":[{"href":"https:\/\/eadministration.lafibre64.fr\/index.php\/wp-json\/wp\/v2\/pages\/3","targetHints":{"allow":["GET"]}}],"collection":[{"href":"https:\/\/eadministration.lafibre64.fr\/index.php\/wp-json\/wp\/v2\/pages"}],"about":[{"href":"https:\/\/eadministration.lafibre64.fr\/index.php\/wp-json\/wp\/v2\/types\/page"}],"author":[{"embeddable":true,"href":"https:\/\/eadministration.lafibre64.fr\/index.php\/wp-json\/wp\/v2\/users\/1"}],"replies":[{"embeddable":true,"href":"https:\/\/eadministration.lafibre64.fr\/index.php\/wp-json\/wp\/v2\/comments?post=3"}],"version-history":[{"count":5,"href":"https:\/\/eadministration.lafibre64.fr\/index.php\/wp-json\/wp\/v2\/pages\/3\/revisions"}],"predecessor-version":[{"id":382,"href":"https:\/\/eadministration.lafibre64.fr\/index.php\/wp-json\/wp\/v2\/pages\/3\/revisions\/382"}],"wp:attachment":[{"href":"https:\/\/eadministration.lafibre64.fr\/index.php\/wp-json\/wp\/v2\/media?parent=3"}],"curies":[{"name":"wp","href":"https:\/\/api.w.org\/{rel}","templated":true}]}}