
{"id":21,"date":"2018-12-12T18:14:53","date_gmt":"2018-12-12T17:14:53","guid":{"rendered":"http:\/\/eadministration.lafibre64.fr\/?page_id=21"},"modified":"2024-05-17T14:20:09","modified_gmt":"2024-05-17T12:20:09","slug":"mentions-legales","status":"publish","type":"page","link":"https:\/\/eadministration.lafibre64.fr\/index.php\/mentions-legales\/","title":{"rendered":"Mentions l\u00e9gales"},"content":{"rendered":"\n<p><strong>\u00c9diteur du site<\/strong><\/p>\n\n\n\n<p>Syndicat mixte ouvert La Fibre64<br>64 av Jean Biray 64000 Pau<br>05 59 90 19 90 &#8211; <a href=\"https:\/\/lafibre64.fr\">https:\/\/lafibre64.fr<\/a><\/p>\n\n\n\n<p><strong>Directeur de la publication<\/strong><br>M. Emmanuel Dainciart, Directeur de La Fibre64<br><\/p>\n\n\n\n<p><strong>H\u00e9bergement<\/strong><br>H\u00e9liantis \u2013 Centre Ama Dablam \u2013 20 rue Johannes Kepler \u2013 64000 Pau<\/p>\n\n\n\n<p><strong>D\u00e9l\u00e9gu\u00e9 \u00e0 la protection des donn\u00e9es<\/strong><br>M. Guillaume Micq-Jouand\u00e9<\/p>\n\n\n\n<p><strong>Politique de protection des donn\u00e9es personnelles :<\/strong><br>Les donn\u00e9es que vous aurez volontairement enregistr\u00e9es lors de votre demande de contact, d\u2019information ou de candidature sont n\u00e9cessaires \u00e0 la prise en compte de vos attentes. Elles ne seront conserv\u00e9es que pour une dur\u00e9e ad\u00e9quate \u00e0 cette finalit\u00e9 ou pour une dur\u00e9e conforme \u00e0 la loi (obligation de conservation ou prescription), et, sont r\u00e9serv\u00e9es aux seules personnes autoris\u00e9es au sein de notre collectivit\u00e9 ou d\u2019autres services de celle-ci.<br>Aucune information personnelle vous concernant n\u2019est c\u00e9d\u00e9e \u00e0 des tiers ou utilis\u00e9e \u00e0 des fins non pr\u00e9vues sur ce site.<br>Conform\u00e9ment aux article 15 \u00e0 23 du R\u00e8glement G\u00e9n\u00e9ral sur la Protection des donn\u00e9es, vous pouvez demander l\u2019acc\u00e8s, la rectification, l\u2019effacement ou la portabilit\u00e9 de vos donn\u00e9es, d\u00e9finir des directives relatives \u00e0 leur sort apr\u00e8s votre d\u00e9c\u00e8s, ou vous opposer \u00e0 leur traitement pour un motif l\u00e9gitime.<\/p>\n\n\n\n<p>Les demandes d\u2019exercice du droit d\u2019acc\u00e8s, rectification, opposition et suppression peuvent \u00eatre formul\u00e9es :<br>\u2013 soit par \u00e9crit :<br> Le demandeur adresse un courrier sign\u00e9 accompagn\u00e9 de la copie d\u2019un titre d\u2019identit\u00e9 \u00e0 l\u2019adresse suivante :<\/p>\n\n\n\n<p>Syndicat Mixte La Fibre64<br>\nA l\u2019attention du D\u00e9l\u00e9gu\u00e9 \u00e0 la protection des donn\u00e9es<br>\nTechnopole Helioparc<br>\n2 Avenue Pierre Angot<br>\n64000 PAU<\/p>\n\n\n\n<p>\u2013 soit par courriel :<br>\ndpd@lafibre64.fr<\/p>\n","protected":false},"excerpt":{"rendered":"<p>\u00c9diteur du site Syndicat mixte ouvert La Fibre6464 av Jean Biray 64000 Pau05 59 90 19 90 &#8211; https:\/\/lafibre64.fr Directeur de la publicationM. Emmanuel Dainciart, Directeur de La Fibre64 H\u00e9bergementH\u00e9liantis&#8230;<\/p>\n","protected":false},"author":1,"featured_media":0,"parent":0,"menu_order":0,"comment_status":"closed","ping_status":"closed","template":"","meta":{"footnotes":""},"class_list":["post-21","page","type-page","status-publish"],"_links":{"self":[{"href":"https:\/\/eadministration.lafibre64.fr\/index.php\/wp-json\/wp\/v2\/pages\/21","targetHints":{"allow":["GET"]}}],"collection":[{"href":"https:\/\/eadministration.lafibre64.fr\/index.php\/wp-json\/wp\/v2\/pages"}],"about":[{"href":"https:\/\/eadministration.lafibre64.fr\/index.php\/wp-json\/wp\/v2\/types\/page"}],"author":[{"embeddable":true,"href":"https:\/\/eadministration.lafibre64.fr\/index.php\/wp-json\/wp\/v2\/users\/1"}],"replies":[{"embeddable":true,"href":"https:\/\/eadministration.lafibre64.fr\/index.php\/wp-json\/wp\/v2\/comments?post=21"}],"version-history":[{"count":7,"href":"https:\/\/eadministration.lafibre64.fr\/index.php\/wp-json\/wp\/v2\/pages\/21\/revisions"}],"predecessor-version":[{"id":1134,"href":"https:\/\/eadministration.lafibre64.fr\/index.php\/wp-json\/wp\/v2\/pages\/21\/revisions\/1134"}],"wp:attachment":[{"href":"https:\/\/eadministration.lafibre64.fr\/index.php\/wp-json\/wp\/v2\/media?parent=21"}],"curies":[{"name":"wp","href":"https:\/\/api.w.org\/{rel}","templated":true}]}}